{"id":3993,"date":"2021-11-25T12:01:29","date_gmt":"2021-11-25T12:01:29","guid":{"rendered":"https:\/\/uplips.com\/revisoes-de-produtos\/"},"modified":"2021-11-25T12:01:29","modified_gmt":"2021-11-25T12:01:29","slug":"revisoes-de-produtos","status":"publish","type":"page","link":"https:\/\/www.uplips.com\/pt-br\/revisoes\/revisoes-de-produtos\/","title":{"rendered":"Revis\u00f5es de produtos"},"content":{"rendered":"<p>[vc_row][vc_column][vc_column_text css=&#8221;.vc_custom_1614982843787{padding-top: 3px !important;}&#8221;]Revis\u00f5es honestas de todos os produtos de maquiagem de tend\u00eancia, cuidados com a pele e regimes de sa\u00fade. Aqui n\u00f3s desmistificamos mitos comuns e encontramos os melhores produtos para seu corpo \u00fanico.[\/vc_column_text][\/vc_column][\/vc_row][vc_row][vc_column][\/vc_column][\/vc_row]<\/p>\n","protected":false},"excerpt":{"rendered":"<p>[vc_row][vc_column][vc_column_text css=&#8221;.vc_custom_1614982843787{padding-top: 3px !important;}&#8221;]Revis\u00f5es honestas de todos os produtos de maquiagem de tend\u00eancia, cuidados com a pele e regimes de sa\u00fade. Aqui n\u00f3s desmistificamos mitos comuns e encontramos os melhores produtos para seu corpo \u00fanico.[\/vc_column_text][\/vc_column][\/vc_row][vc_row][vc_column][\/vc_column][\/vc_row]<\/p>\n","protected":false},"author":1,"featured_media":0,"parent":4008,"menu_order":0,"comment_status":"closed","ping_status":"closed","template":"","meta":{"footnotes":""},"class_list":["post-3993","page","type-page","status-publish","hentry"],"aioseo_notices":[],"_links":{"self":[{"href":"https:\/\/www.uplips.com\/pt-br\/wp-json\/wp\/v2\/pages\/3993","targetHints":{"allow":["GET"]}}],"collection":[{"href":"https:\/\/www.uplips.com\/pt-br\/wp-json\/wp\/v2\/pages"}],"about":[{"href":"https:\/\/www.uplips.com\/pt-br\/wp-json\/wp\/v2\/types\/page"}],"author":[{"embeddable":true,"href":"https:\/\/www.uplips.com\/pt-br\/wp-json\/wp\/v2\/users\/1"}],"replies":[{"embeddable":true,"href":"https:\/\/www.uplips.com\/pt-br\/wp-json\/wp\/v2\/comments?post=3993"}],"version-history":[{"count":0,"href":"https:\/\/www.uplips.com\/pt-br\/wp-json\/wp\/v2\/pages\/3993\/revisions"}],"up":[{"embeddable":true,"href":"https:\/\/www.uplips.com\/pt-br\/wp-json\/wp\/v2\/pages\/4008"}],"wp:attachment":[{"href":"https:\/\/www.uplips.com\/pt-br\/wp-json\/wp\/v2\/media?parent=3993"}],"curies":[{"name":"wp","href":"https:\/\/api.w.org\/{rel}","templated":true}]}}