{"id":4008,"date":"2021-11-26T08:56:48","date_gmt":"2021-11-26T08:56:48","guid":{"rendered":"https:\/\/uplips.com\/revisoes\/"},"modified":"2021-11-26T08:56:48","modified_gmt":"2021-11-26T08:56:48","slug":"revisoes","status":"publish","type":"page","link":"https:\/\/www.uplips.com\/pt-br\/revisoes\/","title":{"rendered":"REVIS\u00d5ES"},"content":{"rendered":"<p>[vc_row][vc_column][vc_column_text css=&#8221;.vc_custom_1614982013009{padding-top: 3px !important;}&#8221;]Desde os mais recentes produtos de cuidados com a pele at\u00e9 a maquiagem nova de tend\u00eancia, n\u00f3s experimentamos tudo e estamos aqui para lhe dar o m\u00ednimo. Encontre os melhores produtos para voc\u00ea e seu or\u00e7amento.[\/vc_column_text][\/vc_column][\/vc_row][vc_row][vc_column][vc_text_separator title=&#8221;revis\u00e3o de produtos&#8221; color=&#8221;custom&#8221; accent_color=&#8221;#f36eae&#8221;][\/vc_column][\/vc_row][vc_row][vc_column][\/vc_column][\/vc_row][vc_row][vc_column][vc_text_separator title=&#8221;listas principais&#8221; color=&#8221;custom&#8221; accent_color=&#8221;#f36eae&#8221;][\/vc_column][\/vc_row][vc_row][vc_column][\/vc_column][\/vc_row]<\/p>\n","protected":false},"excerpt":{"rendered":"<p>[vc_row][vc_column][vc_column_text css=&#8221;.vc_custom_1614982013009{padding-top: 3px !important;}&#8221;]Desde os mais recentes produtos de cuidados com a pele at\u00e9 a maquiagem nova de tend\u00eancia, n\u00f3s experimentamos tudo e estamos aqui para lhe dar o m\u00ednimo. Encontre os melhores produtos para voc\u00ea e seu or\u00e7amento.[\/vc_column_text][\/vc_column][\/vc_row][vc_row][vc_column][vc_text_separator title=&#8221;revis\u00e3o de produtos&#8221; color=&#8221;custom&#8221; accent_color=&#8221;#f36eae&#8221;][\/vc_column][\/vc_row][vc_row][vc_column][\/vc_column][\/vc_row][vc_row][vc_column][vc_text_separator title=&#8221;listas principais&#8221; color=&#8221;custom&#8221; accent_color=&#8221;#f36eae&#8221;][\/vc_column][\/vc_row][vc_row][vc_column][\/vc_column][\/vc_row]<\/p>\n","protected":false},"author":1,"featured_media":0,"parent":0,"menu_order":0,"comment_status":"closed","ping_status":"closed","template":"","meta":{"footnotes":""},"class_list":["post-4008","page","type-page","status-publish","hentry"],"aioseo_notices":[],"_links":{"self":[{"href":"https:\/\/www.uplips.com\/pt-br\/wp-json\/wp\/v2\/pages\/4008","targetHints":{"allow":["GET"]}}],"collection":[{"href":"https:\/\/www.uplips.com\/pt-br\/wp-json\/wp\/v2\/pages"}],"about":[{"href":"https:\/\/www.uplips.com\/pt-br\/wp-json\/wp\/v2\/types\/page"}],"author":[{"embeddable":true,"href":"https:\/\/www.uplips.com\/pt-br\/wp-json\/wp\/v2\/users\/1"}],"replies":[{"embeddable":true,"href":"https:\/\/www.uplips.com\/pt-br\/wp-json\/wp\/v2\/comments?post=4008"}],"version-history":[{"count":0,"href":"https:\/\/www.uplips.com\/pt-br\/wp-json\/wp\/v2\/pages\/4008\/revisions"}],"wp:attachment":[{"href":"https:\/\/www.uplips.com\/pt-br\/wp-json\/wp\/v2\/media?parent=4008"}],"curies":[{"name":"wp","href":"https:\/\/api.w.org\/{rel}","templated":true}]}}