{"id":4011,"date":"2021-11-26T08:57:57","date_gmt":"2021-11-26T08:57:57","guid":{"rendered":"https:\/\/uplips.com\/cor-do-cabelo\/"},"modified":"2021-11-26T08:57:57","modified_gmt":"2021-11-26T08:57:57","slug":"cor-do-cabelo","status":"publish","type":"page","link":"https:\/\/www.uplips.com\/pt-br\/cabelo\/cor-do-cabelo\/","title":{"rendered":"Cor do cabelo"},"content":{"rendered":"<p>[vc_row][vc_column][vc_column_text css=&#8221;.vc_custom_1614979916463{padding-top: 3px !important;}&#8221;]Seu guia para tingir seu cabelo, a partir de dicas de colora\u00e7\u00e3o natural e segura, produtos para o cabelo ap\u00f3s o tratamento, cores de cabelo com tend\u00eancias, id\u00e9ias e inspira\u00e7\u00e3o.[\/vc_column_text][\/vc_column][\/vc_row][vc_row][vc_column]<div id=\"porto-blog-8785\" class=\"porto-blog wpb_content_element   wpb_custom_9c745ac33a8bb4820cfc6b89805915cc\">\t\t<div class=\"blog-posts posts-grid blog-posts-grid\">\r\n\t\t\t<div class=\"posts-container row\">\r\n\t\t<div class=\"post post-grid col-md-6 col-lg-4 post-title-simple post-3979 post type-post status-publish format-standard has-post-thumbnail hentry category-cabelos category-cor-do-cabelo blog-post-item post-item-grid\">\r\n\t\t\t<div class=\"post-image img-thumbnail\">\r\n\t\t\t<a href=\"https:\/\/www.uplips.com\/pt-br\/ideias-e-dicas-de-cor-de-cabelo-que-funcionam-para-voce\/\" aria-label=\"post\">\r\n\t\t\t\t<img decoding=\"async\" width=\"1920\" height=\"1280\" src=\"https:\/\/www.uplips.com\/wp-content\/uploads\/2021\/02\/victoria-priessnitz-i4DDawpS7y8-unsplash-1.jpg\" alt=\"\" \/>\r\n\t\t\t<\/a>\r\n\t\t<\/div>\r\n\t\t\t\t<div class=\"post-item-content\">\r\n\t\t\t\t\t\t<h4 class=\"post-item-title\"><a href=\"https:\/\/www.uplips.com\/pt-br\/ideias-e-dicas-de-cor-de-cabelo-que-funcionam-para-voce\/\">Id\u00e9ias e dicas de cor de cabelo que funcionam para voc\u00ea<\/a><\/h4>\r\n\t\t\t<\/div>\r\n<\/div>\r\n<div class=\"post post-grid col-md-6 col-lg-4 post-title-simple post-3972 post type-post status-publish format-standard has-post-thumbnail hentry category-cor-do-cabelo blog-post-item post-item-grid\">\r\n\t\t\t<div class=\"post-image img-thumbnail\">\r\n\t\t\t<a href=\"https:\/\/www.uplips.com\/pt-br\/como-cuidar-do-seu-cabelo-com-cor\/\" aria-label=\"post\">\r\n\t\t\t\t<img decoding=\"async\" width=\"1920\" height=\"1275\" src=\"https:\/\/www.uplips.com\/wp-content\/uploads\/2021\/03\/781f84_84bdb972cb404255b89255ab55d23ecd_mv2.jpg\" alt=\"\" \/>\r\n\t\t\t<\/a>\r\n\t\t<\/div>\r\n\t\t\t\t<div class=\"post-item-content\">\r\n\t\t\t\t\t\t<h4 class=\"post-item-title\"><a href=\"https:\/\/www.uplips.com\/pt-br\/como-cuidar-do-seu-cabelo-com-cor\/\">Como cuidar do seu cabelo com cor<\/a><\/h4>\r\n\t\t\t<\/div>\r\n<\/div>\r\n\r\n\t\r\n\t\t\t<\/div>\r\n\t\t<\/div>\r\n\r\n\t\r\n\t\r\n\t<\/div>[\/vc_column][\/vc_row]<\/p>\n","protected":false},"excerpt":{"rendered":"<p>[vc_row][vc_column][vc_column_text css=&#8221;.vc_custom_1614979916463{padding-top: 3px !important;}&#8221;]Seu guia para tingir seu cabelo, a partir de dicas de colora\u00e7\u00e3o natural e segura, produtos para o cabelo ap\u00f3s o tratamento, cores de cabelo com tend\u00eancias, id\u00e9ias e inspira\u00e7\u00e3o.[\/vc_column_text][\/vc_column][\/vc_row][vc_row][vc_column][\/vc_column][\/vc_row]<\/p>\n","protected":false},"author":1,"featured_media":0,"parent":4035,"menu_order":0,"comment_status":"closed","ping_status":"closed","template":"","meta":{"footnotes":""},"class_list":["post-4011","page","type-page","status-publish","hentry"],"aioseo_notices":[],"_links":{"self":[{"href":"https:\/\/www.uplips.com\/pt-br\/wp-json\/wp\/v2\/pages\/4011","targetHints":{"allow":["GET"]}}],"collection":[{"href":"https:\/\/www.uplips.com\/pt-br\/wp-json\/wp\/v2\/pages"}],"about":[{"href":"https:\/\/www.uplips.com\/pt-br\/wp-json\/wp\/v2\/types\/page"}],"author":[{"embeddable":true,"href":"https:\/\/www.uplips.com\/pt-br\/wp-json\/wp\/v2\/users\/1"}],"replies":[{"embeddable":true,"href":"https:\/\/www.uplips.com\/pt-br\/wp-json\/wp\/v2\/comments?post=4011"}],"version-history":[{"count":0,"href":"https:\/\/www.uplips.com\/pt-br\/wp-json\/wp\/v2\/pages\/4011\/revisions"}],"up":[{"embeddable":true,"href":"https:\/\/www.uplips.com\/pt-br\/wp-json\/wp\/v2\/pages\/4035"}],"wp:attachment":[{"href":"https:\/\/www.uplips.com\/pt-br\/wp-json\/wp\/v2\/media?parent=4011"}],"curies":[{"name":"wp","href":"https:\/\/api.w.org\/{rel}","templated":true}]}}