{"id":4023,"date":"2021-11-26T09:04:38","date_gmt":"2021-11-26T09:04:38","guid":{"rendered":"https:\/\/uplips.com\/maquiagem\/labios\/"},"modified":"2021-11-26T09:04:38","modified_gmt":"2021-11-26T09:04:38","slug":"labios","status":"publish","type":"page","link":"https:\/\/www.uplips.com\/pt-br\/maquiagem\/labios\/","title":{"rendered":"L\u00e1bios"},"content":{"rendered":"<p>[vc_row][vc_column][vc_column_text css=&#8221;.vc_custom_1614978682213{padding-top: 3px !important;}&#8221;]Obtenha os l\u00e1bios deliciosos de seus sonhos, com nossos melhores produtos para os l\u00e1bios, cores de batom com tend\u00eancias, bem como conselhos para encontrar a tonalidade certa para combinar com o tom de sua pele.[\/vc_column_text][\/vc_column][\/vc_row][vc_row][vc_column]<div id=\"porto-blog-7376\" class=\"porto-blog wpb_content_element   wpb_custom_9c745ac33a8bb4820cfc6b89805915cc\">\t\t<div class=\"blog-posts posts-grid blog-posts-grid\">\r\n\t\t\t<div class=\"posts-container row\">\r\n\t\t<div class=\"post post-grid col-md-6 col-lg-4 post-title-simple post-3965 post type-post status-publish format-standard has-post-thumbnail hentry category-labios blog-post-item post-item-grid\">\r\n\t\t\t<div class=\"post-image img-thumbnail\">\r\n\t\t\t<a href=\"https:\/\/www.uplips.com\/pt-br\/4-dicas-para-fazer-o-melhor-de-seus-batons\/\" aria-label=\"post\">\r\n\t\t\t\t<img decoding=\"async\" width=\"500\" height=\"231\" src=\"https:\/\/www.uplips.com\/wp-content\/uploads\/2021\/03\/cfe6575feda648a6bab84b1fbeac4d0a-min-500x231.jpg\" alt=\"\" \/>\r\n\t\t\t<\/a>\r\n\t\t<\/div>\r\n\t\t\t\t<div class=\"post-item-content\">\r\n\t\t\t\t\t\t<h4 class=\"post-item-title\"><a href=\"https:\/\/www.uplips.com\/pt-br\/4-dicas-para-fazer-o-melhor-de-seus-batons\/\">4 Dicas para fazer o melhor de seus batons<\/a><\/h4>\r\n\t\t\t<\/div>\r\n<\/div>\r\n<div class=\"post post-grid col-md-6 col-lg-4 post-title-simple post-3946 post type-post status-publish format-standard has-post-thumbnail hentry category-labios category-maquiagem category-olhos category-rosto category-sobrancelhas category-unhas blog-post-item post-item-grid\">\r\n\t\t\t<div class=\"post-image img-thumbnail\">\r\n\t\t\t<a href=\"https:\/\/www.uplips.com\/pt-br\/tutorial-de-aplicacao-passo-a-passo-de-maquiagem-facial-completa\/\" aria-label=\"post\">\r\n\t\t\t\t<img decoding=\"async\" width=\"500\" height=\"231\" src=\"https:\/\/www.uplips.com\/wp-content\/uploads\/2021\/03\/781f84_e730a1b890834ddea9ac24ed0e098a3d_mv2-500x231.jpg\" alt=\"\" \/>\r\n\t\t\t<\/a>\r\n\t\t<\/div>\r\n\t\t\t\t<div class=\"post-item-content\">\r\n\t\t\t\t\t\t<h4 class=\"post-item-title\"><a href=\"https:\/\/www.uplips.com\/pt-br\/tutorial-de-aplicacao-passo-a-passo-de-maquiagem-facial-completa\/\">Tutorial de aplica\u00e7\u00e3o passo a passo de maquiagem facial completa<\/a><\/h4>\r\n\t\t\t<\/div>\r\n<\/div>\r\n\r\n\t\r\n\t\t\t<\/div>\r\n\t\t<\/div>\r\n\r\n\t\r\n\t\r\n\t<\/div>[\/vc_column][\/vc_row]<\/p>\n","protected":false},"excerpt":{"rendered":"<p>[vc_row][vc_column][vc_column_text css=&#8221;.vc_custom_1614978682213{padding-top: 3px !important;}&#8221;]Obtenha os l\u00e1bios deliciosos de seus sonhos, com nossos melhores produtos para os l\u00e1bios, cores de batom com tend\u00eancias, bem como conselhos para encontrar a tonalidade certa para combinar com o tom de sua pele.[\/vc_column_text][\/vc_column][\/vc_row][vc_row][vc_column][\/vc_column][\/vc_row]<\/p>\n","protected":false},"author":1,"featured_media":0,"parent":4014,"menu_order":0,"comment_status":"closed","ping_status":"closed","template":"","meta":{"footnotes":""},"class_list":["post-4023","page","type-page","status-publish","hentry"],"aioseo_notices":[],"_links":{"self":[{"href":"https:\/\/www.uplips.com\/pt-br\/wp-json\/wp\/v2\/pages\/4023","targetHints":{"allow":["GET"]}}],"collection":[{"href":"https:\/\/www.uplips.com\/pt-br\/wp-json\/wp\/v2\/pages"}],"about":[{"href":"https:\/\/www.uplips.com\/pt-br\/wp-json\/wp\/v2\/types\/page"}],"author":[{"embeddable":true,"href":"https:\/\/www.uplips.com\/pt-br\/wp-json\/wp\/v2\/users\/1"}],"replies":[{"embeddable":true,"href":"https:\/\/www.uplips.com\/pt-br\/wp-json\/wp\/v2\/comments?post=4023"}],"version-history":[{"count":0,"href":"https:\/\/www.uplips.com\/pt-br\/wp-json\/wp\/v2\/pages\/4023\/revisions"}],"up":[{"embeddable":true,"href":"https:\/\/www.uplips.com\/pt-br\/wp-json\/wp\/v2\/pages\/4014"}],"wp:attachment":[{"href":"https:\/\/www.uplips.com\/pt-br\/wp-json\/wp\/v2\/media?parent=4023"}],"curies":[{"name":"wp","href":"https:\/\/api.w.org\/{rel}","templated":true}]}}