{"id":4059,"date":"2021-11-26T09:20:37","date_gmt":"2021-11-26T09:20:37","guid":{"rendered":"https:\/\/uplips.com\/site-map\/"},"modified":"2021-12-03T06:43:30","modified_gmt":"2021-12-03T06:43:30","slug":"site-map","status":"publish","type":"page","link":"https:\/\/www.uplips.com\/pt-br\/site-map\/","title":{"rendered":"Site Map"},"content":{"rendered":"<\/p>\n<p>[vc_row][vc_column width=&#8221;1\/2&#8243;][vc_column_text]<div class=\"wsp-container\"><h2 class=\"wsp-pages-title\">Pages<\/h2>\n<ul class=\"wsp-pages-list\">\n<li class=\"page_item page-item-4062 current_page_parent\"><a href=\"https:\/\/www.uplips.com\/pt-br\/blog\/\">Blog<\/a><\/li>\n<li class=\"page_item page-item-4035 page_item_has_children\"><a href=\"https:\/\/www.uplips.com\/pt-br\/cabelo\/\">CABELO<\/a>\n<ul class='children'>\n\t<li class=\"page_item page-item-4011\"><a href=\"https:\/\/www.uplips.com\/pt-br\/cabelo\/cor-do-cabelo\/\">Cor do cabelo<\/a><\/li>\n\t<li class=\"page_item page-item-4026\"><a href=\"https:\/\/www.uplips.com\/pt-br\/cabelo\/cortes-de-cabelo\/\">Cortes de cabelo<\/a><\/li>\n\t<li class=\"page_item page-item-4032\"><a href=\"https:\/\/www.uplips.com\/pt-br\/cabelo\/cuidados-com-o-cabelo\/\">Cuidados com o cabelo<\/a><\/li>\n\t<li class=\"page_item page-item-4029\"><a href=\"https:\/\/www.uplips.com\/pt-br\/cabelo\/modelagem-de-cabelos\/\">Modelagem de cabelos<\/a><\/li>\n<\/ul>\n<\/li>\n<li class=\"page_item page-item-4063\"><a href=\"https:\/\/www.uplips.com\/pt-br\/contate-nos\/\">Contate-Nos<\/a><\/li>\n<li class=\"page_item page-item-3983\"><a href=\"https:\/\/www.uplips.com\/pt-br\/\">Home<\/a><\/li>\n<li class=\"page_item page-item-4014 page_item_has_children\"><a href=\"https:\/\/www.uplips.com\/pt-br\/maquiagem\/\">MAQUIAGEM<\/a>\n<ul class='children'>\n\t<li class=\"page_item page-item-4017\"><a href=\"https:\/\/www.uplips.com\/pt-br\/maquiagem\/enfrentar\/\">Enfrentar<\/a><\/li>\n\t<li class=\"page_item page-item-4023\"><a href=\"https:\/\/www.uplips.com\/pt-br\/maquiagem\/labios\/\">L\u00e1bios<\/a><\/li>\n\t<li class=\"page_item page-item-4020\"><a href=\"https:\/\/www.uplips.com\/pt-br\/maquiagem\/olhos\/\">Olhos<\/a><\/li>\n\t<li class=\"page_item page-item-4002\"><a href=\"https:\/\/www.uplips.com\/pt-br\/maquiagem\/sobrancelhas\/\">Sobrancelhas<\/a><\/li>\n\t<li class=\"page_item page-item-4005\"><a href=\"https:\/\/www.uplips.com\/pt-br\/maquiagem\/unhas\/\">Unhas<\/a><\/li>\n<\/ul>\n<\/li>\n<li class=\"page_item page-item-4056 page_item_has_children\"><a href=\"https:\/\/www.uplips.com\/pt-br\/pele\/\">PELE<\/a>\n<ul class='children'>\n\t<li class=\"page_item page-item-4044\"><a href=\"https:\/\/www.uplips.com\/pt-br\/pele\/acne\/\">Acne<\/a><\/li>\n\t<li class=\"page_item page-item-4041\"><a href=\"https:\/\/www.uplips.com\/pt-br\/pele\/antienvelhecimento\/\">Antienvelhecimento<\/a><\/li>\n\t<li class=\"page_item page-item-4038\"><a href=\"https:\/\/www.uplips.com\/pt-br\/pele\/corpo\/\">Corpo<\/a><\/li>\n\t<li class=\"page_item page-item-4053\"><a href=\"https:\/\/www.uplips.com\/pt-br\/pele\/cuidados-com-a-pele\/\">Cuidados com a pele<\/a><\/li>\n\t<li class=\"page_item page-item-4050\"><a href=\"https:\/\/www.uplips.com\/pt-br\/pele\/pele-oleosa\/\">Pele Oleosa<\/a><\/li>\n\t<li class=\"page_item page-item-4047\"><a href=\"https:\/\/www.uplips.com\/pt-br\/pele\/pele-seca\/\">Pele Seca<\/a><\/li>\n<\/ul>\n<\/li>\n<li class=\"page_item page-item-3999\"><a href=\"https:\/\/www.uplips.com\/pt-br\/politica-de-cookie\/\">Pol\u00edtica de Cookie<\/a><\/li>\n<li class=\"page_item page-item-4067\"><a href=\"https:\/\/www.uplips.com\/pt-br\/politica-de-privacidade\/\">Pol\u00edtica de Privacidade<\/a><\/li>\n<li class=\"page_item page-item-4008 page_item_has_children\"><a href=\"https:\/\/www.uplips.com\/pt-br\/revisoes\/\">REVIS\u00d5ES<\/a>\n<ul class='children'>\n\t<li class=\"page_item page-item-3990\"><a href=\"https:\/\/www.uplips.com\/pt-br\/revisoes\/listas-principais\/\">Listas Principais<\/a><\/li>\n\t<li class=\"page_item page-item-3993\"><a href=\"https:\/\/www.uplips.com\/pt-br\/revisoes\/revisoes-de-produtos\/\">Revis\u00f5es de produtos<\/a><\/li>\n<\/ul>\n<\/li>\n<li class=\"page_item page-item-4059\"><a href=\"https:\/\/www.uplips.com\/pt-br\/site-map\/\">Site Map<\/a><\/li>\n<li class=\"page_item page-item-3986\"><a href=\"https:\/\/www.uplips.com\/pt-br\/sobre-nos\/\">Sobre n\u00f3s<\/a><\/li>\n<li class=\"page_item page-item-3996\"><a href=\"https:\/\/www.uplips.com\/pt-br\/termos-e-condicoes\/\">Termos e Condi\u00e7\u00f5es<\/a><\/li>\n<\/ul>\n<\/div>[\/vc_column_text][\/vc_column][vc_column width=&#8221;1\/2&#8243;][vc_custom_heading text=&#8221;Quem <strong>Somos<\/strong>&#8221; use_theme_fonts=&#8221;yes&#8221; el_class=&#8221;m-b-md&#8221;][vc_column_text el_class=&#8221;lead&#8221;]O <strong>UPLIPS<\/strong> nasceu em 2020 como um desejo de poupar tempo, enfatizar e simplificar o processo de pesquisa para os melhores produtos de maquiagem luxuosos e profissionais que existem por a\u00ed.<\/p>\n<p>O <strong>UPLIPS<\/strong> \u00e9 apoiado por leitores, portanto n\u00e3o carregamos nenhum dos produtos listados no site, nem vendemos diretamente nada. Quando voc\u00ea compra atrav\u00e9s de links em nosso site, podemos ganhar uma pequena comiss\u00e3o pela refer\u00eancia do produto.<\/p>\n<p style=\"text-align: center;\">Voc\u00ea tem algum feedback ou uma nova id\u00e9ia?<\/p>\n<p style=\"text-align: center;\">Informe-nos. Gostar\u00edamos muito de ouvir de voc\u00ea.<\/p>\n<p style=\"text-align: center;\">FALE CONOSCO<\/p>\n<p>&nbsp;[\/vc_column_text][\/vc_column][\/vc_row]<\/p>\n","protected":false},"excerpt":{"rendered":"<p>[vc_row][vc_column width=&#8221;1\/2&#8243;][vc_column_text][\/vc_column_text][\/vc_column][vc_column width=&#8221;1\/2&#8243;][vc_custom_heading text=&#8221;Quem Somos&#8221; use_theme_fonts=&#8221;yes&#8221; el_class=&#8221;m-b-md&#8221;][vc_column_text el_class=&#8221;lead&#8221;]O UPLIPS nasceu em 2020 como um desejo de poupar tempo, enfatizar e simplificar o processo de pesquisa para os melhores produtos de maquiagem luxuosos e profissionais que existem por a\u00ed. O UPLIPS \u00e9 apoiado por leitores, portanto n\u00e3o carregamos nenhum dos produtos listados no site, nem vendemos [&hellip;]<\/p>\n","protected":false},"author":1,"featured_media":0,"parent":0,"menu_order":0,"comment_status":"closed","ping_status":"closed","template":"","meta":{"footnotes":""},"class_list":["post-4059","page","type-page","status-publish","hentry"],"aioseo_notices":[],"_links":{"self":[{"href":"https:\/\/www.uplips.com\/pt-br\/wp-json\/wp\/v2\/pages\/4059","targetHints":{"allow":["GET"]}}],"collection":[{"href":"https:\/\/www.uplips.com\/pt-br\/wp-json\/wp\/v2\/pages"}],"about":[{"href":"https:\/\/www.uplips.com\/pt-br\/wp-json\/wp\/v2\/types\/page"}],"author":[{"embeddable":true,"href":"https:\/\/www.uplips.com\/pt-br\/wp-json\/wp\/v2\/users\/1"}],"replies":[{"embeddable":true,"href":"https:\/\/www.uplips.com\/pt-br\/wp-json\/wp\/v2\/comments?post=4059"}],"version-history":[{"count":0,"href":"https:\/\/www.uplips.com\/pt-br\/wp-json\/wp\/v2\/pages\/4059\/revisions"}],"wp:attachment":[{"href":"https:\/\/www.uplips.com\/pt-br\/wp-json\/wp\/v2\/media?parent=4059"}],"curies":[{"name":"wp","href":"https:\/\/api.w.org\/{rel}","templated":true}]}}